{"id":88,"date":"2015-11-03T11:54:13","date_gmt":"2015-11-03T09:54:13","guid":{"rendered":"http:\/\/laybox.com\/fr\/formulario-de-presupuesto\/"},"modified":"2016-09-15T16:44:58","modified_gmt":"2016-09-15T14:44:58","slug":"formulario-de-presupuesto","status":"publish","type":"page","link":"http:\/\/laybox.com\/fr\/formulario-de-presupuesto\/","title":{"rendered":"Formulaire de devis"},"content":{"rendered":"<section class=\"wpb-content-wrapper\"><p>[vc_row][vc_column]<div role=\"form\" class=\"wpcf7\" id=\"wpcf7-f1008-o1\" lang=\"es-ES\" dir=\"ltr\">\n<div class=\"screen-reader-response\"><p role=\"status\" aria-live=\"polite\" aria-atomic=\"true\"><\/p> <ul><\/ul><\/div>\n<form action=\"\/fr\/wp-json\/wp\/v2\/pages\/88#wpcf7-f1008-o1\" method=\"post\" class=\"wpcf7-form init\" novalidate=\"novalidate\" data-status=\"init\">\n<div style=\"display: none;\">\n<input type=\"hidden\" name=\"_wpcf7\" value=\"1008\" \/>\n<input type=\"hidden\" name=\"_wpcf7_version\" value=\"5.6.3\" \/>\n<input type=\"hidden\" name=\"_wpcf7_locale\" value=\"es_ES\" \/>\n<input type=\"hidden\" name=\"_wpcf7_unit_tag\" value=\"wpcf7-f1008-o1\" \/>\n<input type=\"hidden\" name=\"_wpcf7_container_post\" value=\"0\" \/>\n<input type=\"hidden\" name=\"_wpcf7_posted_data_hash\" value=\"\" \/>\n<input type=\"hidden\" name=\"_wpcf7_recaptcha_response\" value=\"\" \/>\n<\/div>\n<div class='doble'>\n<p>Soci\u00e9t\u00e9*<br \/>\n    <span class=\"wpcf7-form-control-wrap\" data-name=\"your-name\"><input type=\"text\" name=\"your-name\" value=\"\" size=\"40\" class=\"wpcf7-form-control wpcf7-text wpcf7-validates-as-required\" aria-required=\"true\" aria-invalid=\"false\" \/><\/span> <\/p>\n<p>T\u00e9l\u00e9phone*<br \/>\n    <span class=\"wpcf7-form-control-wrap\" data-name=\"telefono\"><input type=\"tel\" name=\"telefono\" value=\"\" size=\"40\" class=\"wpcf7-form-control wpcf7-text wpcf7-tel wpcf7-validates-as-required wpcf7-validates-as-tel\" aria-required=\"true\" aria-invalid=\"false\" \/><\/span> <\/p>\n<p>Personne de contact*<br \/>\n    <span class=\"wpcf7-form-control-wrap\" data-name=\"coontacto\"><input type=\"text\" name=\"coontacto\" value=\"\" size=\"40\" class=\"wpcf7-form-control wpcf7-text wpcf7-validates-as-required\" aria-required=\"true\" aria-invalid=\"false\" \/><\/span> <\/p>\n<p>Email*<br \/>\n    <span class=\"wpcf7-form-control-wrap\" data-name=\"email\"><input type=\"email\" name=\"email\" value=\"\" size=\"40\" class=\"wpcf7-form-control wpcf7-text wpcf7-email wpcf7-validates-as-required wpcf7-validates-as-email\" aria-required=\"true\" aria-invalid=\"false\" \/><\/span> <\/p>\n<\/div>\n<div class='doble'>\n<p class='largo'>Quantit\u00e9*<br \/>\n    <span class=\"wpcf7-form-control-wrap\" data-name=\"unidades\"><input type=\"text\" name=\"unidades\" value=\"\" size=\"40\" class=\"wpcf7-form-control wpcf7-text wpcf7-validates-as-required\" aria-required=\"true\" aria-invalid=\"false\" \/><\/span> <\/p>\n<p>Puissance (KVA)*<br \/>\n    <span class=\"wpcf7-form-control-wrap\" data-name=\"potencia\"><select name=\"potencia\" class=\"wpcf7-form-control wpcf7-select wpcf7-validates-as-required\" aria-required=\"true\" aria-invalid=\"false\"><option value=\"25\">25<\/option><option value=\"50\">50<\/option><option value=\"100\">100<\/option><option value=\"160\">160<\/option><option value=\"250\">250<\/option><option value=\"400\">400<\/option><option value=\"630\">630<\/option><option value=\"800\">800<\/option><option value=\"1000\">1000<\/option><option value=\"1250\">1250<\/option><option value=\"1600\">1600<\/option><option value=\"2000\">2000<\/option><option value=\"2500\">2500<\/option><\/select><\/span> <\/p>\n<p>Fr\u00e9quence (Hz)*<br \/>\n    <span class=\"wpcf7-form-control-wrap\" data-name=\"frecuencia\"><select name=\"frecuencia\" class=\"wpcf7-form-control wpcf7-select wpcf7-validates-as-required\" aria-required=\"true\" aria-invalid=\"false\"><option value=\"50\">50<\/option><option value=\"60\">60<\/option><\/select><\/span> <\/p>\n<p>Haute Tension (V)*<br \/>\n    <span class=\"wpcf7-form-control-wrap\" data-name=\"tension-alta\"><input type=\"text\" name=\"tension-alta\" value=\"\" size=\"40\" class=\"wpcf7-form-control wpcf7-text wpcf7-validates-as-required\" aria-required=\"true\" aria-invalid=\"false\" \/><\/span> <\/p>\n<p>Basse Tension (V)*<br \/>\n    <span class=\"wpcf7-form-control-wrap\" data-name=\"tension-baja\"><select name=\"tension-baja\" class=\"wpcf7-form-control wpcf7-select wpcf7-validates-as-required\" aria-required=\"true\" aria-invalid=\"false\"><option value=\"420\">420<\/option><option value=\"242\">242<\/option><option value=\"420-242 (7 bornas) k=0,75\">420-242 (7 bornas) k=0,75<\/option><option value=\"420-242 (7 bornas) k=1\">420-242 (7 bornas) k=1<\/option><option value=\"otra\">otra<\/option><\/select><\/span> <\/p>\n<p>R\u00e9glage H.T*<br \/>\n     <span class=\"wpcf7-form-control-wrap\" data-name=\"regulacion-alta\"><select name=\"regulacion-alta\" class=\"wpcf7-form-control wpcf7-select wpcf7-validates-as-required\" aria-required=\"true\" aria-invalid=\"false\"><option value=\"Selon la soci\u00e9t\u00e9\">Selon la soci\u00e9t\u00e9<\/option><option value=\"Selon UNE 21428\">Selon UNE 21428<\/option><option value=\"autre\">autre<\/option><\/select><\/span><\/p>\n<p>Travers\u00e9es H.V*<br \/>\n     <span class=\"wpcf7-form-control-wrap\" data-name=\"aisladores-alta\"><select name=\"aisladores-alta\" class=\"wpcf7-form-control wpcf7-select wpcf7-validates-as-required\" aria-required=\"true\" aria-invalid=\"false\"><option value=\"porcelaine\">porcelaine<\/option><option value=\"Rexin Epoxy avec connecteur\">Rexin Epoxy avec connecteur<\/option><\/select><\/span><\/p>\n<p>Liquide*<br \/>\n     <span class=\"wpcf7-form-control-wrap\" data-name=\"liquido\"><select name=\"liquido\" class=\"wpcf7-form-control wpcf7-select wpcf7-validates-as-required\" aria-required=\"true\" aria-invalid=\"false\"><option value=\"huile\">huile<\/option><option value=\"silicone huile\">silicone huile<\/option><option value=\"ester d&#039;huile v\u00e9g\u00e9tale\">ester d&#039;huile v\u00e9g\u00e9tale<\/option><\/select><\/span><\/p>\n<p>Type de remplissage*<br \/>\n     <span class=\"wpcf7-form-control-wrap\" data-name=\"llenado\"><select name=\"llenado\" class=\"wpcf7-form-control wpcf7-select wpcf7-validates-as-required\" aria-required=\"true\" aria-invalid=\"false\"><option value=\"Herm\u00e9tique\">Herm\u00e9tique<\/option><option value=\"Reservoir\">Reservoir<\/option><\/select><\/span><\/p>\n<p>Norme*<br \/>\n     <span class=\"wpcf7-form-control-wrap\" data-name=\"norma\"><select name=\"norma\" class=\"wpcf7-form-control wpcf7-select wpcf7-validates-as-required\" aria-required=\"true\" aria-invalid=\"false\"><option value=\"Reglamentation N\u00ba 548\/2014 (EcoDesing)\">Reglamentation N\u00ba 548\/2014 (EcoDesing)<\/option><option value=\"UNE-EN 60076\">UNE-EN 60076<\/option><option value=\"autre\">autre<\/option><\/select><\/span><\/p>\n<p>Enroulements*<br \/>\n     <span class=\"wpcf7-form-control-wrap\" data-name=\"devanados\"><select name=\"devanados\" class=\"wpcf7-form-control wpcf7-select wpcf7-validates-as-required\" aria-required=\"true\" aria-invalid=\"false\"><option value=\"Cuivre\">Cuivre<\/option><option value=\"Aluminium\">Aluminium<\/option><\/select><\/span><\/p>\n<p>Distributeur*<br \/>\n     <span class=\"wpcf7-form-control-wrap\" data-name=\"distribuidora\"><select name=\"distribuidora\" class=\"wpcf7-form-control wpcf7-select wpcf7-validates-as-required\" aria-required=\"true\" aria-invalid=\"false\"><option value=\"Iberdrola\">Iberdrola<\/option><option value=\"Endesa\">Endesa<\/option><option value=\"Gas Natural (FENOSA)\">Gas Natural (FENOSA)<\/option><option value=\"E-ON\">E-ON<\/option><option value=\"HC Energ\u00ed\u00ada\">HC Energ\u00ed\u00ada<\/option><option value=\"autre\">autre<\/option><\/select><\/span><\/p>\n<\/div>\n<h4 style='text-align:center'>ACCESSOIRES<\/h4>\n<div class='simple'>\n<p><span class=\"wpcf7-form-control-wrap\" data-name=\"accesorios\"><span class=\"wpcf7-form-control wpcf7-radio\"><span class=\"wpcf7-list-item first\"><label><input type=\"radio\" name=\"accesorios\" value=\"Crochets\" \/><span class=\"wpcf7-list-item-label\">Crochets<\/span><\/label><\/span><span class=\"wpcf7-list-item\"><label><input type=\"radio\" name=\"accesorios\" value=\"Support de valve\" \/><span class=\"wpcf7-list-item-label\">Support de valve<\/span><\/label><\/span><span class=\"wpcf7-list-item\"><label><input type=\"radio\" name=\"accesorios\" value=\"Galets\" \/><span class=\"wpcf7-list-item-label\">Galets<\/span><\/label><\/span><span class=\"wpcf7-list-item\"><label><input type=\"radio\" name=\"accesorios\" value=\"D\u00e9tecteur Int\u00e9gr\u00e9 de s\u00e9curit\u00e9 (DMCR)\" \/><span class=\"wpcf7-list-item-label\">D\u00e9tecteur Int\u00e9gr\u00e9 de s\u00e9curit\u00e9 (DMCR)<\/span><\/label><\/span><span class=\"wpcf7-list-item\"><label><input type=\"radio\" name=\"accesorios\" value=\"Rele Buchholz\" \/><span class=\"wpcf7-list-item-label\">Rele Buchholz<\/span><\/label><\/span><span class=\"wpcf7-list-item\"><label><input type=\"radio\" name=\"accesorios\" value=\"Thermom\u00e9tre\" \/><span class=\"wpcf7-list-item-label\">Thermom\u00e9tre<\/span><\/label><\/span><span class=\"wpcf7-list-item\"><label><input type=\"radio\" name=\"accesorios\" value=\"Soupape de securite\" \/><span class=\"wpcf7-list-item-label\">Soupape de securite<\/span><\/label><\/span><span class=\"wpcf7-list-item last\"><label><input type=\"radio\" name=\"accesorios\" value=\"Deshumidicateur\" \/><span class=\"wpcf7-list-item-label\">Deshumidicateur<\/span><\/label><\/span><\/span><\/span><\/p>\n<\/div>\n<p><\/p>\n<p>Observations<br \/>\n     <span class=\"wpcf7-form-control-wrap\" data-name=\"observaciones\"><textarea name=\"observaciones\" cols=\"40\" rows=\"10\" class=\"wpcf7-form-control wpcf7-textarea\" aria-invalid=\"false\"><\/textarea><\/span><\/p>\n<p><\/p>\n<p><span class=\"wpcf7-form-control-wrap\" data-name=\"checkbox-957\"><span class=\"wpcf7-form-control wpcf7-checkbox wpcf7-validates-as-required wpcf7-exclusive-checkbox verificacion\"><span class=\"wpcf7-list-item first last\"><label><input type=\"checkbox\" name=\"checkbox-957\" value=\"Je lei faire et accepter de recevoir de la publicit\u00e9 ou de promotion Information.\" \/><span class=\"wpcf7-list-item-label\">Je lei faire et accepter de recevoir de la publicit\u00e9 ou de promotion Information.<\/span><\/label><\/span><\/span><\/span><\/p>\n<p><a href='http:\/\/laybox.com\/clausulas-legales\/' target=\"_blank\">Legal<\/a><\/p>\n<p><input type=\"submit\" value=\"ENVOYER\" class=\"wpcf7-form-control has-spinner wpcf7-submit\" \/><\/p>\n<div class=\"wpcf7-response-output\" aria-hidden=\"true\"><\/div><\/form><\/div>[\/vc_column][\/vc_row]<\/p>\n<\/section>","protected":false},"excerpt":{"rendered":"<p>[vc_row][vc_column][\/vc_column][\/vc_row]<\/p>\n","protected":false},"author":1,"featured_media":0,"parent":0,"menu_order":0,"comment_status":"closed","ping_status":"closed","template":"","meta":[],"_links":{"self":[{"href":"http:\/\/laybox.com\/fr\/wp-json\/wp\/v2\/pages\/88"}],"collection":[{"href":"http:\/\/laybox.com\/fr\/wp-json\/wp\/v2\/pages"}],"about":[{"href":"http:\/\/laybox.com\/fr\/wp-json\/wp\/v2\/types\/page"}],"author":[{"embeddable":true,"href":"http:\/\/laybox.com\/fr\/wp-json\/wp\/v2\/users\/1"}],"replies":[{"embeddable":true,"href":"http:\/\/laybox.com\/fr\/wp-json\/wp\/v2\/comments?post=88"}],"version-history":[{"count":3,"href":"http:\/\/laybox.com\/fr\/wp-json\/wp\/v2\/pages\/88\/revisions"}],"predecessor-version":[{"id":1010,"href":"http:\/\/laybox.com\/fr\/wp-json\/wp\/v2\/pages\/88\/revisions\/1010"}],"wp:attachment":[{"href":"http:\/\/laybox.com\/fr\/wp-json\/wp\/v2\/media?parent=88"}],"curies":[{"name":"wp","href":"https:\/\/api.w.org\/{rel}","templated":true}]}}