{"id":415,"date":"2015-11-09T10:52:08","date_gmt":"2015-11-09T08:52:08","guid":{"rendered":"http:\/\/laybox.com\/fr\/politica-de-cookies\/"},"modified":"2024-03-21T23:20:36","modified_gmt":"2024-03-21T21:20:36","slug":"cookies","status":"publish","type":"page","link":"http:\/\/laybox.com\/fr\/cookies\/","title":{"rendered":"Pol\u00edtica de cookies"},"content":{"rendered":"<ul>\n<li><strong>\u00bf QUE SON LAS COOKIES?<\/strong>\n<p>Una cookie es un fichero que se descarga en su ordenador al acceder a determinadas p\u00e1ginas web. Las cookies permiten a una p\u00e1gina web, entre otras cosas, almacenar y recuperar informaci\u00f3n sobre los h\u00e1bitos de navegaci\u00f3n de un usuario o de su equipo y, dependiendo de la informaci\u00f3n que contengan y de la forma en que se utilice su equipo, pueden utilizarse para reconocer al usuario<\/p>\n<p><strong>II.- AN\u00c1LISIS JUR\u00cdDICO<\/strong><\/p>\n<p>El RGDP en la consideraci\u00f3n (30): \u201cLas personas naturales pueden estar relacionadas con identificadores en l\u00ednea [\u2026] como una direcci\u00f3n de protocolo de internet, identificadores de cookies y otros identificadores [\u2026]. Esto podr\u00eda dejar rastros que, especialmente en combinaci\u00f3n con identificadores \u00fanicos y otros datos recibidos por los servidores, pudiera servir para crear perfiles de las personas naturales e identificarlas.\u201d<\/p>\n<p>&nbsp;<\/p>\n<p>Por lo que el sistema de consentimiento de cookies, de conformidad con el RGPD deber\u00e1 garantizar que el contenido:<\/p>\n<ul>\n<li>ofrezca sobre la base de un informaci\u00f3n clara y espec\u00edfica acerca de los tipos de datos y la finalidad<\/li>\n<li>ofrezca antes de que tenga lugar cualquier tratamiento que no sea el estrictamente necesario, tambi\u00e9n conocido como \u201cconsentimiento previo\u201d.<\/li>\n<li>ofrezca como una acci\u00f3n afirmativa y positiva<\/li>\n<li>considere fruto de una elecci\u00f3n real. El usuario debe disponer de la opci\u00f3n de rechazar cookies superfluas y mientras sigue haciendo uso del sitio web.<\/li>\n<li>registre como prueba de una autorizaci\u00f3n otorgada considere reversible. Los usuarios deben estar capacitados para retirar su consentimiento siempre que as\u00ed lo deseen<\/li>\n<\/ul>\n<p><strong>\u00ab\u00a0Art\u00edculo 22.2 de la Ley 34\/2002.<\/strong>\u00a0Los prestadores de servicios podr\u00e1n utilizar dispositivos de almacenamiento y recuperaci\u00f3n de datos en equipos terminales de los destinatarios, a condici\u00f3n de que los mismos hayan dado su consentimiento despu\u00e9s de que se les haya facilitado informaci\u00f3n clara y completa sobre su utilizaci\u00f3n, en particular, sobre los fines del tratamiento de los datos, con arreglo a lo dispuesto en la Ley Org\u00e1nica 15\/1999, de 13 de diciembre, de Protecci\u00f3n de Datos de Car\u00e1cter Personal. Cuando sea t\u00e9cnicamente posible y eficaz, el consentimiento del destinatario para aceptar el tratamiento de los datos podr\u00e1 facilitarse mediante el uso de los par\u00e1metros adecuados del navegador o de otras aplicaciones, siempre que aqu\u00e9l deba proceder a su configuraci\u00f3n durante su instalaci\u00f3n o actualizaci\u00f3n mediante una acci\u00f3n expresa a tal efecto. Lo anterior no impedir\u00e1 el posible almacenamiento o acceso de \u00edndole t\u00e9cnica al solo fin de efectuar la transmisi\u00f3n de una comunicaci\u00f3n por una red de comunicaciones electr\u00f3nicas o, en la medida que resulte estrictamente necesario, para la prestaci\u00f3n de un servicio de la sociedad de la informaci\u00f3n expresamente solicitado por el destinatario.\u00a0\u00bb<\/p>\n<p><strong>III.- MODELO POLITICA DE COOKIES<\/strong><\/p>\n<p><strong>1.1 Primera capa<\/strong><\/p>\n<p>Este sitio usa cookies operativas propias con una finalidad funcional y de terceros que permiten recordar tus preferencias y realizar perfiles, para que navegues entre p\u00e1ginas con eficiencia, y en general, para mejorar tu experiencia como usuario.<\/p>\n<p>Bot\u00f3n: Estoy de Acuerdo.<\/p>\n<p><strong>1.2 Segunda capa<\/strong><\/p>\n<p><strong>LAYBOX SLU <\/strong>\u00a0le informa acerca del uso de las cookies en sus p\u00e1ginas web.<\/p>\n<p>Las cookies son archivos que se pueden descargar en su equipo a trav\u00e9s de las p\u00e1ginas web. Son herramientas que tienen un papel esencial para la prestaci\u00f3n de numerosos servicios de la sociedad de la informaci\u00f3n. Entre otros, permiten a una p\u00e1gina web almacenar y recuperar informaci\u00f3n sobre los h\u00e1bitos de navegaci\u00f3n de un usuario o de su equipo y, dependiendo de la informaci\u00f3n obtenida, se pueden utilizar para reconocer al usuario y mejorar el servicio ofrecido.<\/p>\n<p><strong>Tipos de cookies<\/strong><\/p>\n<p>Seg\u00fan quien sea la entidad que gestione el dominio desde donde se env\u00edan las cookies y trate los datos que se obtengan se pueden distinguir dos tipos:\u00a0<strong>cookies propias y cookies de terceros<\/strong>.<\/p>\n<p>Existe tambi\u00e9n una segunda clasificaci\u00f3n seg\u00fan el plazo de tiempo que permanecen almacenadas en el navegador del cliente, pudiendo tratarse de\u00a0<strong>cookies de sesi\u00f3n o cookies persistentes<\/strong>.<\/p>\n<p>Por \u00faltimo, existe otra clasificaci\u00f3n con cinco tipos de cookies seg\u00fan la finalidad para la que se traten los datos obtenidos:\u00a0<strong>cookies t\u00e9cnicas, cookies de personalizaci\u00f3n, cookies de an\u00e1lisis, cookies publicitarias y cookies de publicidad comportamental<\/strong>.<\/p>\n<p><strong>Cookies utilizadas en la web<\/strong><\/p>\n<p>A continuaci\u00f3n, se identifican las cookies que est\u00e1n siendo utilizadas en este portal, as\u00ed como su tipolog\u00eda y funci\u00f3n:<\/p>\n<p>Esta p\u00e1gina web utiliza\u00a0<strong>Google Analytics<\/strong>, un servicio de anal\u00edtica web desarrollada por Google, que permite la medici\u00f3n y an\u00e1lisis de la navegaci\u00f3n en las p\u00e1ginas web. En su navegador podr\u00e1 observar\u00a0<strong>4 cookies de este servicio<\/strong>. Seg\u00fan la tipolog\u00eda anterior se trata de cookies propias, de sesi\u00f3n y de an\u00e1lisis. Puede encontrar m\u00e1s informaci\u00f3n al respecto e inhabilitar el uso de estas cookies\u00a0<a href=\"https:\/\/www.google.es\/intl\/es\/analytics\/\">www.google.es\/intl\/es\/analytics\/<\/a>.<\/p>\n<p>A trav\u00e9s de la anal\u00edtica web se obtiene informaci\u00f3n relativa al n\u00famero de usuarios que acceden a la web, el n\u00famero de p\u00e1ginas vistas, la frecuencia y repetici\u00f3n de las visitas, su duraci\u00f3n, el navegador utilizado, el operador que presta el servicio, el idioma, el terminal que utiliza, o la ciudad a la que est\u00e1 asignada su direcci\u00f3n IP. Informaci\u00f3n que posibilita un mejor y m\u00e1s apropiado servicio por parte de este portal.<\/p>\n<p>&nbsp;<\/p>\n<p><strong>Aceptaci\u00f3n de la Pol\u00edtica de cookies<\/strong><\/p>\n<p>LAYBOX SL no asume que usted acepta el uso de cookies, hasta que las acepte expl\u00edcitamente en el bot\u00f3n de \u201cEstoy de acuerdo\u201d y muestra informaci\u00f3n sobre su Pol\u00edtica de cookies en la parte inferior de cualquier p\u00e1gina del portal con cada inicio de sesi\u00f3n con el objeto de que usted sea consciente.<\/p>\n<p>&nbsp;<\/p>\n<p>Ante esta informaci\u00f3n es posible llevar a cabo las siguientes acciones:<\/p>\n<ul>\n<li><strong>Aceptar cookies.<\/strong>No se volver\u00e1 a visualizar este aviso al acceder a cualquier p\u00e1gina del portal durante la presente sesi\u00f3n.<\/li>\n<li>Se oculta el aviso en la presente p\u00e1gina.<\/li>\n<li><strong>Modificar su configuraci\u00f3n.<\/strong>Podr\u00e1 obtener m\u00e1s informaci\u00f3n sobre qu\u00e9 son las cookies, conocer la Pol\u00edtica de cookies de LAYBOX SL y modificar la configuraci\u00f3n de su navegador.<\/li>\n<\/ul>\n<p>&nbsp;<\/p>\n<p><strong>C\u00f3mo modificar la configuraci\u00f3n de las cookies<\/strong><\/p>\n<p>Usted puede restringir, bloquear o borrar las cookies de LAYBOX SL o cualquier otra p\u00e1gina web, utilizando su navegador. En cada navegador la operativa es diferente, la funci\u00f3n de &lsquo;Ayuda&rsquo; le mostrar\u00e1 c\u00f3mo hacerlo.<\/p>\n<ul>\n<li><strong>FireFox:<\/strong><a href=\"http:\/\/www.support.mozilla.org\/es\/kb\/Borrar%20cookies\">mozilla.org\/es\/kb\/Borrar%20cookies<\/a><\/li>\n<li><strong>Chrome:<\/strong><a href=\"http:\/\/www.support.google.com\/chrome\/answer\/95647?hl=es\">google.com\/chrome\/answer\/95647?hl=es<\/a><\/li>\n<li><strong>Safari:<\/strong><a href=\"http:\/\/www.apple.com\/es\/privacy\/use-of-cookies\/\">apple.com\/es\/privacy\/use-of-cookies\/<\/a><\/li>\n<\/ul>\n<\/li>\n<\/ul>\n","protected":false},"excerpt":{"rendered":"<p>\u00bf QUE SON LAS COOKIES? Una cookie es un fichero que se descarga en su ordenador al acceder a determinadas p\u00e1ginas web. Las cookies permiten a una p\u00e1gina web, entre otras cosas, almacenar y recuperar informaci\u00f3n sobre los h\u00e1bitos de navegaci\u00f3n de un usuario o de su equipo y, dependiendo de la informaci\u00f3n que contengan&hellip;<\/p>\n","protected":false},"author":1,"featured_media":0,"parent":0,"menu_order":0,"comment_status":"closed","ping_status":"closed","template":"","meta":[],"_links":{"self":[{"href":"http:\/\/laybox.com\/fr\/wp-json\/wp\/v2\/pages\/415"}],"collection":[{"href":"http:\/\/laybox.com\/fr\/wp-json\/wp\/v2\/pages"}],"about":[{"href":"http:\/\/laybox.com\/fr\/wp-json\/wp\/v2\/types\/page"}],"author":[{"embeddable":true,"href":"http:\/\/laybox.com\/fr\/wp-json\/wp\/v2\/users\/1"}],"replies":[{"embeddable":true,"href":"http:\/\/laybox.com\/fr\/wp-json\/wp\/v2\/comments?post=415"}],"version-history":[{"count":5,"href":"http:\/\/laybox.com\/fr\/wp-json\/wp\/v2\/pages\/415\/revisions"}],"predecessor-version":[{"id":1083,"href":"http:\/\/laybox.com\/fr\/wp-json\/wp\/v2\/pages\/415\/revisions\/1083"}],"wp:attachment":[{"href":"http:\/\/laybox.com\/fr\/wp-json\/wp\/v2\/media?parent=415"}],"curies":[{"name":"wp","href":"https:\/\/api.w.org\/{rel}","templated":true}]}}