{"id":33,"date":"2015-06-23T14:00:17","date_gmt":"2015-06-23T12:00:17","guid":{"rendered":"http:\/\/laybox.com\/distribucion-2\/"},"modified":"2023-06-14T11:38:36","modified_gmt":"2023-06-14T09:38:36","slug":"distribucion","status":"publish","type":"page","link":"http:\/\/laybox.com\/fr\/distribucion\/","title":{"rendered":"Distribution"},"content":{"rendered":"<section class=\"wpb-content-wrapper\"><p>[vc_row][vc_column][vc_column_text]<\/p>\n<h3 style=\"text-align: center;\">TRANSFORMMATEURS IMMERG\u00c9S DANS DU LIQUIDE DI\u00c9LECTRIQUE<\/h3>\n<p style=\"text-align: center;\"><strong>R\u00c8GLEMENT UE N\u00ba 548 \/ 2014<\/strong><\/p>\n<p>[\/vc_column_text][vc_empty_space][vc_tta_accordion style=\u00a0\u00bboutline\u00a0\u00bb color=\u00a0\u00bbblack\u00a0\u00bb active_section=\u00a0\u00bb\u00a0\u00bb collapsible_all=\u00a0\u00bbtrue\u00a0\u00bb][vc_tta_section title=\u00a0\u00bbCaract\u00e9ristiques \u00e9lectriques Um &lt; 24 kV\u00a0\u00bb tab_id=\u00a0\u00bb1473703653305-649c49ca-aa6a\u00a0\u00bb][vc_single_image image=\u00a0\u00bb1064&Prime; img_size=\u00a0\u00bbfull\u00a0\u00bb alignment=\u00a0\u00bbcenter\u00a0\u00bb onclick=\u00a0\u00bblink_image\u00a0\u00bb][\/vc_tta_section][vc_tta_section title=\u00a0\u00bbDimensions et poids Um &lt; 24kV\u00a0\u00bb tab_id=\u00a0\u00bb1473703653354-da13078d-904f\u00a0\u00bb][vc_single_image image=\u00a0\u00bb1061&Prime; img_size=\u00a0\u00bbfull\u00a0\u00bb alignment=\u00a0\u00bbcenter\u00a0\u00bb onclick=\u00a0\u00bbimg_link_large\u00a0\u00bb img_link_target=\u00a0\u00bb_blank\u00a0\u00bb][\/vc_tta_section][vc_tta_section title=\u00a0\u00bbCaract\u00e9ristiques \u00e9lectriques Um &lt; 36 kV\u00a0\u00bb tab_id=\u00a0\u00bb1473705044491-fd2788ce-458a\u00a0\u00bb][vc_single_image image=\u00a0\u00bb1058&Prime; img_size=\u00a0\u00bbfull\u00a0\u00bb alignment=\u00a0\u00bbcenter\u00a0\u00bb onclick=\u00a0\u00bblink_image\u00a0\u00bb][\/vc_tta_section][vc_tta_section title=\u00a0\u00bbDimensions et poids Um &lt; 36 kV\u00a0\u00bb tab_id=\u00a0\u00bb1473705064389-b7fe32ed-9316&Prime;][vc_single_image image=\u00a0\u00bb1055&Prime; img_size=\u00a0\u00bbfull\u00a0\u00bb alignment=\u00a0\u00bbcenter\u00a0\u00bb onclick=\u00a0\u00bblink_image\u00a0\u00bb][\/vc_tta_section][\/vc_tta_accordion][vc_empty_space][vc_media_grid grid_id=\u00a0\u00bbvc_gid:1686735463443-0feee5da-3a91-10&Prime; include=\u00a0\u00bb223,226,232,235,238,229&Prime;][\/vc_column][\/vc_row]<\/p>\n<\/section>","protected":false},"excerpt":{"rendered":"<p>[vc_row][vc_column][vc_column_text] TRANSFORMMATEURS IMMERG\u00c9S DANS DU LIQUIDE DI\u00c9LECTRIQUE R\u00c8GLEMENT UE N\u00ba 548 \/ 2014 [\/vc_column_text][vc_empty_space][vc_tta_accordion style=\u00a0\u00bboutline\u00a0\u00bb color=\u00a0\u00bbblack\u00a0\u00bb active_section=\u00a0\u00bb\u00a0\u00bb collapsible_all=\u00a0\u00bbtrue\u00a0\u00bb][vc_tta_section title=\u00a0\u00bbCaract\u00e9ristiques \u00e9lectriques Um &lt; 24 kV\u00a0\u00bb tab_id=\u00a0\u00bb1473703653305-649c49ca-aa6a\u00a0\u00bb][vc_single_image image=\u00a0\u00bb1064&Prime; img_size=\u00a0\u00bbfull\u00a0\u00bb alignment=\u00a0\u00bbcenter\u00a0\u00bb onclick=\u00a0\u00bblink_image\u00a0\u00bb][\/vc_tta_section][vc_tta_section title=\u00a0\u00bbDimensions et poids Um &lt; 24kV\u00a0\u00bb tab_id=\u00a0\u00bb1473703653354-da13078d-904f\u00a0\u00bb][vc_single_image image=\u00a0\u00bb1061&Prime; img_size=\u00a0\u00bbfull\u00a0\u00bb alignment=\u00a0\u00bbcenter\u00a0\u00bb onclick=\u00a0\u00bbimg_link_large\u00a0\u00bb img_link_target=\u00a0\u00bb_blank\u00a0\u00bb][\/vc_tta_section][vc_tta_section title=\u00a0\u00bbCaract\u00e9ristiques \u00e9lectriques Um &lt; 36 kV\u00a0\u00bb tab_id=\u00a0\u00bb1473705044491-fd2788ce-458a\u00a0\u00bb][vc_single_image image=\u00a0\u00bb1058&Prime; img_size=\u00a0\u00bbfull\u00a0\u00bb alignment=\u00a0\u00bbcenter\u00a0\u00bb onclick=\u00a0\u00bblink_image\u00a0\u00bb][\/vc_tta_section][vc_tta_section title=\u00a0\u00bbDimensions et poids&hellip;<\/p>\n","protected":false},"author":1,"featured_media":0,"parent":0,"menu_order":0,"comment_status":"closed","ping_status":"closed","template":"","meta":[],"_links":{"self":[{"href":"http:\/\/laybox.com\/fr\/wp-json\/wp\/v2\/pages\/33"}],"collection":[{"href":"http:\/\/laybox.com\/fr\/wp-json\/wp\/v2\/pages"}],"about":[{"href":"http:\/\/laybox.com\/fr\/wp-json\/wp\/v2\/types\/page"}],"author":[{"embeddable":true,"href":"http:\/\/laybox.com\/fr\/wp-json\/wp\/v2\/users\/1"}],"replies":[{"embeddable":true,"href":"http:\/\/laybox.com\/fr\/wp-json\/wp\/v2\/comments?post=33"}],"version-history":[{"count":25,"href":"http:\/\/laybox.com\/fr\/wp-json\/wp\/v2\/pages\/33\/revisions"}],"predecessor-version":[{"id":1068,"href":"http:\/\/laybox.com\/fr\/wp-json\/wp\/v2\/pages\/33\/revisions\/1068"}],"wp:attachment":[{"href":"http:\/\/laybox.com\/fr\/wp-json\/wp\/v2\/media?parent=33"}],"curies":[{"name":"wp","href":"https:\/\/api.w.org\/{rel}","templated":true}]}}