{"id":21,"date":"2015-06-23T13:58:23","date_gmt":"2015-06-23T11:58:23","guid":{"rendered":"http:\/\/laybox.com\/calidad-2\/"},"modified":"2016-09-13T00:51:45","modified_gmt":"2016-09-12T22:51:45","slug":"calidad","status":"publish","type":"page","link":"http:\/\/laybox.com\/fr\/calidad\/","title":{"rendered":"Qualite"},"content":{"rendered":"<section class=\"wpb-content-wrapper\"><p>[vc_row][vc_column][vc_row_inner][vc_column_inner width=\u00a0\u00bb1\/4&Prime;][vc_single_image image=\u00a0\u00bb374&Prime; img_size=\u00a0\u00bbfull\u00a0\u00bb alignment=\u00a0\u00bbcenter\u00a0\u00bb onclick=\u00a0\u00bbcustom_link\u00a0\u00bb img_link_target=\u00a0\u00bb_blank\u00a0\u00bb link=\u00a0\u00bbhttp:\/\/laybox.com\/wp-content\/uploads\/2015\/11\/ER0072-1994-VALIDEZ-2018.pdf\u00a0\u00bb][vc_column_text]<\/p>\n<p style=\"text-align: center;\">PDF AENOR<\/p>\n<p>[\/vc_column_text][vc_single_image image=\u00a0\u00bb371&Prime; img_size=\u00a0\u00bbfull\u00a0\u00bb alignment=\u00a0\u00bbcenter\u00a0\u00bb onclick=\u00a0\u00bbcustom_link\u00a0\u00bb img_link_target=\u00a0\u00bb_blank\u00a0\u00bb link=\u00a0\u00bbhttp:\/\/laybox.com\/wp-content\/uploads\/2015\/11\/IQNET-AENOR-2018.pdf\u00a0\u00bb][vc_column_text]<\/p>\n<p style=\"text-align: center;\">PDF IQNet<\/p>\n<p>[\/vc_column_text][vc_single_image image=\u00a0\u00bb793&Prime; img_size=\u00a0\u00bbfull\u00a0\u00bb alignment=\u00a0\u00bbcenter\u00a0\u00bb onclick=\u00a0\u00bbcustom_link\u00a0\u00bb img_link_target=\u00a0\u00bb_blank\u00a0\u00bb link=\u00a0\u00bbhttp:\/\/laybox.com\/wp-content\/uploads\/2016\/09\/endesa.pdf\u00a0\u00bb][vc_column_text]<\/p>\n<p style=\"text-align: center;\">PDF AENOR-ENDESA<\/p>\n<p>[\/vc_column_text][\/vc_column_inner][vc_column_inner width=\u00a0\u00bb3\/4&Prime;][vc_empty_space][vc_column_text]<\/p>\n<h4 class=\"Textoindependiente21\">ESSAIS<\/h4>\n<p>Chaque transformateur fait I\u2019objet d\u2019essais\u00a0individuels conform\u00e9ment aux normes UNE EN<br \/>\n60076 et CEI 76 en vigueur.<\/p>\n<p>Les r\u00e9sultats des essais sont enregistr\u00e9s dans Ie\u00a0document accompagnant chaque transformateur.<\/p>\n<p><strong>a. Les essais individuels comprennent:<\/strong><\/p>\n<ul>\n<li>mesure de la r\u00e9sistance des enroulements.<\/li>\n<li>mesure du rapport de transformation et\u00a0v\u00e9rification de I\u2019accouplement.<\/li>\n<li>mesure de I&rsquo;imp\u00e9dance de court-circuit et des\u00a0pertes dues a la charge.<\/li>\n<li>mesure des pertes et du courant a vide.<\/li>\n<li>essais di\u00e9lectriques individuels (tension\u00a0appliqu\u00e9e et tension induite).<\/li>\n<\/ul>\n<p><strong>b. essais de type :<\/strong><\/p>\n<ul>\n<li>essai de Chauffage.<\/li>\n<li>essai d\u2019impulsion type \u00e9clair.<\/li>\n<li>mesure du niveau de bruit.<\/li>\n<\/ul>\n<p><strong>c. essais sp\u00e9ciaux:<\/strong><\/p>\n<ul>\n<li>d\u2019autres types d\u2019essais sur Ie transformateur et ses\u00a0\u00e9l\u00e9ments peuvent \u00e9tre r\u00e9alis\u00e9s sur commande.<\/li>\n<\/ul>\n<h4>CONTROLE DE LA QUALITE ET\u00a0LABORATOIRES<\/h4>\n<p>LAYBOX dispose d\u2019un systeme de qualit\u00e9\u00a0conforme aux exigences du Systeme de Gestion\u00a0de la Qualit\u00e9 ISO 9001.<\/p>\n<p>Pour |e controle des matieres premieres, des\u00a0produits en cours de fabrication et du produit\u00a0final, LAYBOX dispose de laboratoires de\u00a0m\u00e9trologie, chimie et \u00e9lectrique.[\/vc_column_text][\/vc_column_inner][\/vc_row_inner][\/vc_column][\/vc_row]<\/p>\n<\/section>","protected":false},"excerpt":{"rendered":"<p>[vc_row][vc_column][vc_row_inner][vc_column_inner width=\u00a0\u00bb1\/4&Prime;][vc_single_image image=\u00a0\u00bb374&Prime; img_size=\u00a0\u00bbfull\u00a0\u00bb alignment=\u00a0\u00bbcenter\u00a0\u00bb onclick=\u00a0\u00bbcustom_link\u00a0\u00bb img_link_target=\u00a0\u00bb_blank\u00a0\u00bb link=\u00a0\u00bbhttp:\/\/laybox.com\/wp-content\/uploads\/2015\/11\/ER0072-1994-VALIDEZ-2018.pdf\u00a0\u00bb][vc_column_text] PDF AENOR [\/vc_column_text][vc_single_image image=\u00a0\u00bb371&Prime; img_size=\u00a0\u00bbfull\u00a0\u00bb alignment=\u00a0\u00bbcenter\u00a0\u00bb onclick=\u00a0\u00bbcustom_link\u00a0\u00bb img_link_target=\u00a0\u00bb_blank\u00a0\u00bb link=\u00a0\u00bbhttp:\/\/laybox.com\/wp-content\/uploads\/2015\/11\/IQNET-AENOR-2018.pdf\u00a0\u00bb][vc_column_text] PDF IQNet [\/vc_column_text][vc_single_image image=\u00a0\u00bb793&Prime; img_size=\u00a0\u00bbfull\u00a0\u00bb alignment=\u00a0\u00bbcenter\u00a0\u00bb onclick=\u00a0\u00bbcustom_link\u00a0\u00bb img_link_target=\u00a0\u00bb_blank\u00a0\u00bb link=\u00a0\u00bbhttp:\/\/laybox.com\/wp-content\/uploads\/2016\/09\/endesa.pdf\u00a0\u00bb][vc_column_text] PDF AENOR-ENDESA [\/vc_column_text][\/vc_column_inner][vc_column_inner width=\u00a0\u00bb3\/4&Prime;][vc_empty_space][vc_column_text] ESSAIS Chaque transformateur fait I\u2019objet d\u2019essais\u00a0individuels conform\u00e9ment aux normes UNE EN 60076 et CEI 76 en vigueur. Les r\u00e9sultats des essais sont enregistr\u00e9s dans Ie\u00a0document&hellip;<\/p>\n","protected":false},"author":1,"featured_media":0,"parent":0,"menu_order":0,"comment_status":"closed","ping_status":"closed","template":"","meta":[],"_links":{"self":[{"href":"http:\/\/laybox.com\/fr\/wp-json\/wp\/v2\/pages\/21"}],"collection":[{"href":"http:\/\/laybox.com\/fr\/wp-json\/wp\/v2\/pages"}],"about":[{"href":"http:\/\/laybox.com\/fr\/wp-json\/wp\/v2\/types\/page"}],"author":[{"embeddable":true,"href":"http:\/\/laybox.com\/fr\/wp-json\/wp\/v2\/users\/1"}],"replies":[{"embeddable":true,"href":"http:\/\/laybox.com\/fr\/wp-json\/wp\/v2\/comments?post=21"}],"version-history":[{"count":14,"href":"http:\/\/laybox.com\/fr\/wp-json\/wp\/v2\/pages\/21\/revisions"}],"predecessor-version":[{"id":978,"href":"http:\/\/laybox.com\/fr\/wp-json\/wp\/v2\/pages\/21\/revisions\/978"}],"wp:attachment":[{"href":"http:\/\/laybox.com\/fr\/wp-json\/wp\/v2\/media?parent=21"}],"curies":[{"name":"wp","href":"https:\/\/api.w.org\/{rel}","templated":true}]}}