{"id":17,"date":"2015-06-23T13:56:34","date_gmt":"2015-06-23T11:56:34","guid":{"rendered":"http:\/\/laybox.com\/empresa-2\/"},"modified":"2016-09-16T10:35:25","modified_gmt":"2016-09-16T08:35:25","slug":"empresa","status":"publish","type":"page","link":"http:\/\/laybox.com\/fr\/","title":{"rendered":"Soci\u00e9t\u00e9"},"content":{"rendered":"<section class=\"wpb-content-wrapper\"><p>[vc_row][vc_column][vc_empty_space][\/vc_column][\/vc_row][vc_row][vc_column width=\u00a0\u00bb1\/3&Prime;][vc_empty_space height=\u00a0\u00bb12px\u00a0\u00bb][vc_single_image image=\u00a0\u00bb279&Prime; img_size=\u00a0\u00bbfull\u00a0\u00bb alignment=\u00a0\u00bbcenter\u00a0\u00bb style=\u00a0\u00bbvc_box_outline\u00a0\u00bb image_hovers=\u00a0\u00bbfalse\u00a0\u00bb img_link_large=\u00a0\u00bbyes\u00a0\u00bb][vc_empty_space height=\u00a0\u00bb12px\u00a0\u00bb][vc_single_image image=\u00a0\u00bb282&Prime; img_size=\u00a0\u00bbfull\u00a0\u00bb alignment=\u00a0\u00bbcenter\u00a0\u00bb style=\u00a0\u00bbvc_box_outline\u00a0\u00bb image_hovers=\u00a0\u00bbfalse\u00a0\u00bb img_link_large=\u00a0\u00bbyes\u00a0\u00bb][\/vc_column][vc_column width=\u00a0\u00bb2\/3&Prime;][vc_empty_space height=\u00a0\u00bb12px\u00a0\u00bb][vc_column_text]Bien que nous soyons une petite entreprise,notre politique d&rsquo;am\u00e9lioration permanente\u00a0de la qualit\u00e9 nous conduit \u00e0 actualiser constamment nos produits et \u00e0 maintenir \u00e0 la \u00a0disposition de nos clients et utilisateurs l&rsquo;information concernant nos transformateurs.<\/p>\n<p>Nous avons ainsi obtenu en 2016 la certification AENOR pour les transformateurs de\u00a0la norme ENDESA ENEL GST 001 rev2.<\/p>\n<p>Nous avons \u00e9galement mis \u00e0 jour \u00a0notre catalogue 2016 en y incorporant toutes les informations\u00a0relatives \u00e0 \u00a0l&rsquo;\u00e9co design selon la norme europ\u00e9enne no 548\/2014 pour les pertes, contribuant ainsi \u00e0 une meilleure performance \u00e9nerg\u00e9tique et \u00e0 la r\u00e9duction des gaz \u00e0 \u00a0effet de serre.[\/vc_column_text][\/vc_column][\/vc_row]<\/p>\n<\/section>","protected":false},"excerpt":{"rendered":"<p>[vc_row][vc_column][vc_empty_space][\/vc_column][\/vc_row][vc_row][vc_column width=\u00a0\u00bb1\/3&Prime;][vc_empty_space height=\u00a0\u00bb12px\u00a0\u00bb][vc_single_image image=\u00a0\u00bb279&Prime; img_size=\u00a0\u00bbfull\u00a0\u00bb alignment=\u00a0\u00bbcenter\u00a0\u00bb style=\u00a0\u00bbvc_box_outline\u00a0\u00bb image_hovers=\u00a0\u00bbfalse\u00a0\u00bb img_link_large=\u00a0\u00bbyes\u00a0\u00bb][vc_empty_space height=\u00a0\u00bb12px\u00a0\u00bb][vc_single_image image=\u00a0\u00bb282&Prime; img_size=\u00a0\u00bbfull\u00a0\u00bb alignment=\u00a0\u00bbcenter\u00a0\u00bb style=\u00a0\u00bbvc_box_outline\u00a0\u00bb image_hovers=\u00a0\u00bbfalse\u00a0\u00bb img_link_large=\u00a0\u00bbyes\u00a0\u00bb][\/vc_column][vc_column width=\u00a0\u00bb2\/3&Prime;][vc_empty_space height=\u00a0\u00bb12px\u00a0\u00bb][vc_column_text]Bien que nous soyons une petite entreprise,notre politique d&rsquo;am\u00e9lioration permanente\u00a0de la qualit\u00e9 nous conduit \u00e0 actualiser constamment nos produits et \u00e0 maintenir \u00e0 la \u00a0disposition de nos clients et utilisateurs l&rsquo;information concernant nos transformateurs. Nous avons ainsi obtenu&hellip;<\/p>\n","protected":false},"author":1,"featured_media":0,"parent":0,"menu_order":0,"comment_status":"closed","ping_status":"closed","template":"","meta":[],"_links":{"self":[{"href":"http:\/\/laybox.com\/fr\/wp-json\/wp\/v2\/pages\/17"}],"collection":[{"href":"http:\/\/laybox.com\/fr\/wp-json\/wp\/v2\/pages"}],"about":[{"href":"http:\/\/laybox.com\/fr\/wp-json\/wp\/v2\/types\/page"}],"author":[{"embeddable":true,"href":"http:\/\/laybox.com\/fr\/wp-json\/wp\/v2\/users\/1"}],"replies":[{"embeddable":true,"href":"http:\/\/laybox.com\/fr\/wp-json\/wp\/v2\/comments?post=17"}],"version-history":[{"count":25,"href":"http:\/\/laybox.com\/fr\/wp-json\/wp\/v2\/pages\/17\/revisions"}],"predecessor-version":[{"id":1024,"href":"http:\/\/laybox.com\/fr\/wp-json\/wp\/v2\/pages\/17\/revisions\/1024"}],"wp:attachment":[{"href":"http:\/\/laybox.com\/fr\/wp-json\/wp\/v2\/media?parent=17"}],"curies":[{"name":"wp","href":"https:\/\/api.w.org\/{rel}","templated":true}]}}