{"id":15,"date":"2015-06-23T13:56:12","date_gmt":"2015-06-23T11:56:12","guid":{"rendered":"http:\/\/laybox.com\/inicio-2\/"},"modified":"2016-09-13T17:52:03","modified_gmt":"2016-09-13T15:52:03","slug":"inicio","status":"publish","type":"page","link":"http:\/\/laybox.com\/fr\/inicio\/","title":{"rendered":"Accueil"},"content":{"rendered":"<section class=\"wpb-content-wrapper\"><p>[vc_row bg_type=\u00a0\u00bbbg_color\u00a0\u00bb bg_override=\u00a0\u00bbex-full\u00a0\u00bb bg_color_value=\u00a0\u00bb#f9f9f9&Prime;][vc_column width=\u00a0\u00bb2\/3&Prime;][vc_empty_space][vc_column_text]<\/p>\n<h4>Fabricant de transformateurs de distribution 50-5000 KVA .<\/h4>\n<p>[\/vc_column_text][vc_empty_space height=\u00a0\u00bb22px\u00a0\u00bb][vc_column_text]La qualit\u00e9 des transformateurs de LAYBOX est assur\u00e9e par l&rsquo;innovation continue des machines de production et de mat\u00e9riel de laboratoire et du personnel hautement qualifi\u00e9.[\/vc_column_text][vc_empty_space][\/vc_column][vc_column width=\u00a0\u00bb1\/3&Prime;][vc_empty_space height=\u00a0\u00bb52px\u00a0\u00bb][vc_btn title=\u00a0\u00bb DEMANDEZ NOUS BUDGET, REMPLIR NOTRE FORMULAIRE\u00a0\u00bb color=\u00a0\u00bbblue\u00a0\u00bb size=\u00a0\u00bblg\u00a0\u00bb align=\u00a0\u00bbcenter\u00a0\u00bb i_align=\u00a0\u00bbright\u00a0\u00bb i_icon_fontawesome=\u00a0\u00bbfa fa-arrow-right\u00a0\u00bb link=\u00a0\u00bburl:http%3A%2F%2Flaybox.com%2Ffr%2Fformulario-de-presupuesto%2F|title:P%C3%ADdenos%20presupuesto|\u00a0\u00bb button_block=\u00a0\u00bbtrue\u00a0\u00bb add_icon=\u00a0\u00bbtrue\u00a0\u00bb el_class=\u00a0\u00bbbotonton\u00a0\u00bb][vc_empty_space][\/vc_column][\/vc_row][vc_row][vc_column][vc_empty_space height=\u00a0\u00bb42px\u00a0\u00bb][vc_row_inner equal_height=\u00a0\u00bbyes\u00a0\u00bb gap=\u00a0\u00bb20&Prime;][vc_column_inner width=\u00a0\u00bb1\/4&Prime; css=\u00a0\u00bb.vc_custom_1473701459598{border-top-width: 4px !important;border-right-width: 4px !important;border-bottom-width: 4px !important;border-left-width: 4px !important;background: #ffffff url(http:\/\/laybox.com\/wp-content\/uploads\/2015\/06\/fondo.png?id=661) !important;background-position: center !important;background-repeat: no-repeat !important;background-size: cover !important;border-left-color: #1e1c55 !important;border-left-style: solid !important;border-right-color: #1e1c55 !important;border-right-style: solid !important;border-top-color: #1e1c55 !important;border-top-style: solid !important;border-bottom-color: #1e1c55 !important;border-bottom-style: solid !important;border-radius: 10px !important;}\u00a0\u00bb]<div class=\"aio-icon-component    style_1\"><div id=\"Info-box-wrap-9528\" class=\"aio-icon-box square_box-icon\" style=\"border-color:#1e1c55;border-width:1px;\"  ><div class=\"aio-icon-square_box\"><div class=\"ult-just-icon-wrapper  \"><div class=\"align-icon\" style=\"text-align:center;\">\n<div class=\"aio-icon square \"  style=\"color:#ffffff;background:#1e1c55;font-size:18px;display:inline-block;\">\n\t<i class=\"Defaults-chevron-down\"><\/i>\n<\/div><\/div><\/div><\/div><div class=\"aio-icon-description ult-responsive\"  data-ultimate-target='#Info-box-wrap-9528 .aio-icon-description'  data-responsive-json-new='{\"font-size\":\"\",\"line-height\":\"\"}'  style=\"\"><\/p>\n<h4 style=\"text-align: center;\">TRANSFORMATEURS DE DISTRIBUTION<\/h4>\n<p><\/div> <!-- description --><\/div> <!-- aio-icon-box --><\/div> <!-- aio-icon-component -->[\/vc_column_inner][vc_column_inner width=\u00a0\u00bb1\/4&Prime; css=\u00a0\u00bb.vc_custom_1473701450800{border-top-width: 4px !important;border-right-width: 4px !important;border-bottom-width: 4px !important;border-left-width: 4px !important;background: #ffffff url(http:\/\/laybox.com\/wp-content\/uploads\/2015\/06\/fondo.png?id=661) !important;background-position: center !important;background-repeat: no-repeat !important;background-size: cover !important;border-left-color: #1e1c55 !important;border-left-style: solid !important;border-right-color: #1e1c55 !important;border-right-style: solid !important;border-top-color: #1e1c55 !important;border-top-style: solid !important;border-bottom-color: #1e1c55 !important;border-bottom-style: solid !important;border-radius: 10px !important;}\u00a0\u00bb]<div class=\"aio-icon-component    style_1\"><div id=\"Info-box-wrap-4885\" class=\"aio-icon-box square_box-icon\" style=\"border-color:#1e1c55;border-width:1px;\"  ><div class=\"aio-icon-square_box\"><div class=\"ult-just-icon-wrapper  \"><div class=\"align-icon\" style=\"text-align:center;\">\n<div class=\"aio-icon square \"  style=\"color:#ffffff;background:#1e1c55;font-size:18px;display:inline-block;\">\n\t<i class=\"Defaults-chevron-down\"><\/i>\n<\/div><\/div><\/div><\/div><div class=\"aio-icon-description ult-responsive\"  data-ultimate-target='#Info-box-wrap-4885 .aio-icon-description'  data-responsive-json-new='{\"font-size\":\"\",\"line-height\":\"\"}'  style=\"\"><\/p>\n<h4 style=\"text-align: center;\">TRANSFORMATEURS DE MISE A\u0300 LA TERRE EN ZIG-ZAG<\/h4>\n<p><\/div> <!-- description --><\/div> <!-- aio-icon-box --><\/div> <!-- aio-icon-component -->[\/vc_column_inner][vc_column_inner width=\u00a0\u00bb1\/4&Prime; css=\u00a0\u00bb.vc_custom_1473701468148{border-top-width: 4px !important;border-right-width: 4px !important;border-bottom-width: 4px !important;border-left-width: 4px !important;background: #ffffff url(http:\/\/laybox.com\/wp-content\/uploads\/2015\/06\/fondo.png?id=661) !important;background-position: center !important;background-repeat: no-repeat !important;background-size: cover !important;border-left-color: #1e1c55 !important;border-left-style: solid !important;border-right-color: #1e1c55 !important;border-right-style: solid !important;border-top-color: #1e1c55 !important;border-top-style: solid !important;border-bottom-color: #1e1c55 !important;border-bottom-style: solid !important;border-radius: 10px !important;}\u00a0\u00bb]<div class=\"aio-icon-component    style_1\"><div id=\"Info-box-wrap-9100\" class=\"aio-icon-box square_box-icon\" style=\"border-color:#1e1c55;border-width:1px;\"  ><div class=\"aio-icon-square_box\"><div class=\"ult-just-icon-wrapper  \"><div class=\"align-icon\" style=\"text-align:center;\">\n<div class=\"aio-icon square \"  style=\"color:#ffffff;background:#1e1c55;font-size:18px;display:inline-block;\">\n\t<i class=\"Defaults-chevron-down\"><\/i>\n<\/div><\/div><\/div><\/div><div class=\"aio-icon-description ult-responsive\"  data-ultimate-target='#Info-box-wrap-9100 .aio-icon-description'  data-responsive-json-new='{\"font-size\":\"\",\"line-height\":\"\"}'  style=\"\"><\/p>\n<h4 style=\"text-align: center;\">TRANSFORMATEURS A\u0300 TE\u0300LE\u0301COMMANDE<\/h4>\n<p><\/div> <!-- description --><\/div> <!-- aio-icon-box --><\/div> <!-- aio-icon-component -->[\/vc_column_inner][vc_column_inner width=\u00a0\u00bb1\/4&Prime; css=\u00a0\u00bb.vc_custom_1473701478003{border-top-width: 4px !important;border-right-width: 4px !important;border-bottom-width: 4px !important;border-left-width: 4px !important;background: #ffffff url(http:\/\/laybox.com\/wp-content\/uploads\/2015\/06\/fondo.png?id=661) !important;background-position: center !important;background-repeat: no-repeat !important;background-size: cover !important;border-left-color: #1e1c55 !important;border-left-style: solid !important;border-right-color: #1e1c55 !important;border-right-style: solid !important;border-top-color: #1e1c55 !important;border-top-style: solid !important;border-bottom-color: #1e1c55 !important;border-bottom-style: solid !important;border-radius: 10px !important;}\u00a0\u00bb]<div class=\"aio-icon-component    style_1\"><div id=\"Info-box-wrap-2529\" class=\"aio-icon-box square_box-icon\" style=\"border-color:#1e1c55;border-width:1px;\"  ><div class=\"aio-icon-square_box\"><div class=\"ult-just-icon-wrapper  \"><div class=\"align-icon\" style=\"text-align:center;\">\n<div class=\"aio-icon square \"  style=\"color:#ffffff;background:#1e1c55;font-size:18px;display:inline-block;\">\n\t<i class=\"Defaults-chevron-down\"><\/i>\n<\/div><\/div><\/div><\/div><div class=\"aio-icon-description ult-responsive\"  data-ultimate-target='#Info-box-wrap-2529 .aio-icon-description'  data-responsive-json-new='{\"font-size\":\"\",\"line-height\":\"\"}'  style=\"\"><\/p>\n<h4 style=\"text-align: center;\">MODIFICATION ET RE\u0301PARATION DE TRANSFORMATEURS<\/h4>\n<p><\/div> <!-- description --><\/div> <!-- aio-icon-box --><\/div> <!-- aio-icon-component -->[\/vc_column_inner][\/vc_row_inner][vc_empty_space height=\u00a0\u00bb22px\u00a0\u00bb][vc_row_inner][vc_column_inner]<div class=\"dt-fancy-separator h4-size\" style=\"width: 100%;\"><div class=\"dt-fancy-title bg-on\" style=\"color: #ffffff;background-color: #1e1c55;\"><span class=\"separator-holder separator-left\" style=\"border-color: #1e1c55;\"><\/span>NOS PRODUITS<span class=\"separator-holder separator-right\" style=\"border-color: #1e1c55;\"><\/span><\/div><\/div>[\/vc_column_inner][\/vc_row_inner][vc_empty_space height=\u00a0\u00bb52px\u00a0\u00bb]<div id=\"ult-carousel-138509305369d1b04441cdf\" class=\"ult-carousel-wrapper   ult_horizontal\" data-gutter=\"15\" data-rtl=\"false\" ><div class=\"ult-carousel-92313229469d1b0444176d \" >[vc_media_grid element_width=\u00a0\u00bb12&Prime; initial_loading_animation=\u00a0\u00bbnone\u00a0\u00bb grid_id=\u00a0\u00bbvc_gid:1473781896911-fca03e47-bf48-6&Prime; include=\u00a0\u00bb670&Prime;][vc_media_grid element_width=\u00a0\u00bb12&Prime; initial_loading_animation=\u00a0\u00bbnone\u00a0\u00bb grid_id=\u00a0\u00bbvc_gid:1473781896913-bff61aed-0b74-4&Prime; include=\u00a0\u00bb992&Prime;][vc_media_grid element_width=\u00a0\u00bb12&Prime; initial_loading_animation=\u00a0\u00bbnone\u00a0\u00bb grid_id=\u00a0\u00bbvc_gid:1473781896914-b29328d9-ab98-6&Prime; include=\u00a0\u00bb229&Prime;][vc_media_grid element_width=\u00a0\u00bb12&Prime; initial_loading_animation=\u00a0\u00bbnone\u00a0\u00bb grid_id=\u00a0\u00bbvc_gid:1473781896915-322e7f06-3381-1&Prime; include=\u00a0\u00bb238&Prime;][vc_media_grid element_width=\u00a0\u00bb12&Prime; initial_loading_animation=\u00a0\u00bbnone\u00a0\u00bb grid_id=\u00a0\u00bbvc_gid:1473781896916-8973974a-8cb1-6&Prime; include=\u00a0\u00bb235&Prime;][vc_media_grid element_width=\u00a0\u00bb12&Prime; initial_loading_animation=\u00a0\u00bbnone\u00a0\u00bb grid_id=\u00a0\u00bbvc_gid:1473781896917-e8640d7a-eb86-6&Prime; include=\u00a0\u00bb232&Prime;][vc_media_grid element_width=\u00a0\u00bb12&Prime; initial_loading_animation=\u00a0\u00bbnone\u00a0\u00bb grid_id=\u00a0\u00bbvc_gid:1473781896917-9013760e-7ad8-0&Prime; include=\u00a0\u00bb226&Prime;][vc_media_grid element_width=\u00a0\u00bb12&Prime; initial_loading_animation=\u00a0\u00bbnone\u00a0\u00bb grid_id=\u00a0\u00bbvc_gid:1473781896918-481e7ec7-1b50-9&Prime; include=\u00a0\u00bb223&Prime;]<\/div><\/div>            <script type=\"text\/javascript\">\n\t\t\t\tjQuery(document).ready(function($){\n               \t\t$('.ult-carousel-92313229469d1b0444176d').slick({dots: true,autoplay: true,autoplaySpeed: 5000,speed: 300,infinite: true,arrows: true,nextArrow: '<button type=\"button\" style=\"color:#1e1c55; font-size:20px;\" class=\"slick-next default\"><i class=\"ultsl-arrow-right4\"><\/i><\/button>',prevArrow: '<button type=\"button\" style=\"color:#1e1c55; font-size:20px;\" class=\"slick-prev default\"><i class=\"ultsl-arrow-left4\"><\/i><\/button>',slidesToScroll:6,slidesToShow:6,swipe: true,draggable: true,touchMove: true,responsive: [\n\t\t\t\t\t\t\t{\n\t\t\t\t\t\t\t  breakpoint: 1025,\n\t\t\t\t\t\t\t  settings: {\n\t\t\t\t\t\t\t\tslidesToShow: 6,\n\t\t\t\t\t\t\t\tslidesToScroll: 6,  \n\t\t\t\t\t\t\t  }\n\t\t\t\t\t\t\t},\n\t\t\t\t\t\t\t{\n\t\t\t\t\t\t\t  breakpoint: 769,\n\t\t\t\t\t\t\t  settings: {\n\t\t\t\t\t\t\t\tslidesToShow: 3,\n\t\t\t\t\t\t\t\tslidesToScroll: 3\n\t\t\t\t\t\t\t  }\n\t\t\t\t\t\t\t},\n\t\t\t\t\t\t\t{\n\t\t\t\t\t\t\t  breakpoint: 481,\n\t\t\t\t\t\t\t  settings: {\n\t\t\t\t\t\t\t\tslidesToShow: 2,\n\t\t\t\t\t\t\t\tslidesToScroll: 2\n\t\t\t\t\t\t\t  }\n\t\t\t\t\t\t\t}\n\t\t\t\t\t\t],pauseOnHover: true,\n\t\t\t\t\t\tpauseOnDotsHover: true,customPaging: function(slider, i) {\n                   return '<i type=\"button\" style=\"color:#ffffff;\" class=\"ultsl-radio-checked\" data-role=\"none\"><\/i>';\n                },});\n\t\t\t\t});\n\t\t\t<\/script>\n            [\/vc_column][\/vc_row]<\/p>\n<\/section>","protected":false},"excerpt":{"rendered":"<p>[vc_row bg_type=\u00a0\u00bbbg_color\u00a0\u00bb bg_override=\u00a0\u00bbex-full\u00a0\u00bb bg_color_value=\u00a0\u00bb#f9f9f9&Prime;][vc_column width=\u00a0\u00bb2\/3&Prime;][vc_empty_space][vc_column_text] Fabricant de transformateurs de distribution 50-5000 KVA . [\/vc_column_text][vc_empty_space height=\u00a0\u00bb22px\u00a0\u00bb][vc_column_text]La qualit\u00e9 des transformateurs de LAYBOX est assur\u00e9e par l&rsquo;innovation continue des machines de production et de mat\u00e9riel de laboratoire et du personnel hautement qualifi\u00e9.[\/vc_column_text][vc_empty_space][\/vc_column][vc_column width=\u00a0\u00bb1\/3&Prime;][vc_empty_space height=\u00a0\u00bb52px\u00a0\u00bb][vc_btn title=\u00a0\u00bb DEMANDEZ NOUS BUDGET, REMPLIR NOTRE FORMULAIRE\u00a0\u00bb color=\u00a0\u00bbblue\u00a0\u00bb size=\u00a0\u00bblg\u00a0\u00bb align=\u00a0\u00bbcenter\u00a0\u00bb i_align=\u00a0\u00bbright\u00a0\u00bb i_icon_fontawesome=\u00a0\u00bbfa fa-arrow-right\u00a0\u00bb link=\u00a0\u00bburl:http%3A%2F%2Flaybox.com%2Ffr%2Fformulario-de-presupuesto%2F|title:P%C3%ADdenos%20presupuesto|\u00a0\u00bb&hellip;<\/p>\n","protected":false},"author":1,"featured_media":0,"parent":0,"menu_order":0,"comment_status":"closed","ping_status":"closed","template":"","meta":[],"_links":{"self":[{"href":"http:\/\/laybox.com\/fr\/wp-json\/wp\/v2\/pages\/15"}],"collection":[{"href":"http:\/\/laybox.com\/fr\/wp-json\/wp\/v2\/pages"}],"about":[{"href":"http:\/\/laybox.com\/fr\/wp-json\/wp\/v2\/types\/page"}],"author":[{"embeddable":true,"href":"http:\/\/laybox.com\/fr\/wp-json\/wp\/v2\/users\/1"}],"replies":[{"embeddable":true,"href":"http:\/\/laybox.com\/fr\/wp-json\/wp\/v2\/comments?post=15"}],"version-history":[{"count":100,"href":"http:\/\/laybox.com\/fr\/wp-json\/wp\/v2\/pages\/15\/revisions"}],"predecessor-version":[{"id":995,"href":"http:\/\/laybox.com\/fr\/wp-json\/wp\/v2\/pages\/15\/revisions\/995"}],"wp:attachment":[{"href":"http:\/\/laybox.com\/fr\/wp-json\/wp\/v2\/media?parent=15"}],"curies":[{"name":"wp","href":"https:\/\/api.w.org\/{rel}","templated":true}]}}