{"id":488,"date":"2015-12-10T12:11:26","date_gmt":"2015-12-10T10:11:26","guid":{"rendered":"http:\/\/laybox.com\/en\/clausulas-legales\/"},"modified":"2024-03-21T23:25:41","modified_gmt":"2024-03-21T21:25:41","slug":"politica-de-privacidad","status":"publish","type":"page","link":"http:\/\/laybox.com\/en\/politica-de-privacidad\/","title":{"rendered":"Pol\u00edtica de privacidad"},"content":{"rendered":"<div class=\"page\" title=\"Page 14\">\n<div class=\"layoutArea\">\n<div class=\"column\">\n<p>Se informa al interesado que LAYBOX SL \u00a0ha nombrado un Responsable de Privacidad y\/o Seguridad \u00a0ante el cual podr\u00e1 poner de manifiesto cualquier cuesti\u00f3n relativa al tratamiento de sus datos personales. El interesado podr\u00e1 contactar con el Responsable de Privacidad y\/o Seguridad \u00a0a trav\u00e9s de los siguientes datos de contacto: direcci\u00f3n postal y correo electr\u00f3nico<\/p>\n<p><strong>DATOS RECOPILADOS POR LAYBOX SL <\/strong><\/p>\n<p>LAYBOX SL \u00a0puede recopilar la siguiente informaci\u00f3n personal de los usuarios de la p\u00e1gina web a trav\u00e9s del formulario correspondiente: nombre, direcci\u00f3n de correo electr\u00f3nico., y todos aqu\u00e9llos datos personales necesarios para gestionar las reservas y consultas .Todos los datos personales que recopila LAYBOX SL proceden del interesado.<\/p>\n<p><strong>FINALIDAD DEL TRATAMIENTO .<\/strong><\/p>\n<p>Los datos personales del interesado ser\u00e1n tratados con las siguientes finalidades seg\u00fan apliquen:<\/p>\n<p>Gestionar y enviar informaci\u00f3n sobre los distintos servicios que ofrece LAYBOX SL \u00a0\u00a0seg\u00fan los intereses y necesidades del interesado.<\/p>\n<p>Responder al ejercicio de los derechos de acceso, rectificaci\u00f3n, supresi\u00f3n, oposici\u00f3n, limitaci\u00f3n y\u00a0\u00a0 portabilidad, as\u00ed como a consultas y reclamaciones.<\/p>\n<h2>TIEMPO DE CONSERVACION DE LOS DATOS<\/h2>\n<p>LAYBOX SL guardar\u00e1 los datos personales solo durante el per\u00edodo de tiempo que sea razonablemente necesario teniendo en cuenta las necesidades de dar respuesta a cuestiones que se planteen o resolver problemas, realizar mejoras, activar sus servicios y cumplir los requisitos que exija la legislaci\u00f3n aplicable. Esto significa que puede conservar los datos personales durante un per\u00edodo de tiempo razonable incluso despu\u00e9s de que el interesado haya dejado de usar los servicios de LAYBOX SL. Despu\u00e9s de este per\u00edodo, los datos personales ser\u00e1n bloqueados de todos los sistemas de LAYBOX SL .<\/p>\n<h2>LEGITIMACION PARA TRATAR LOS DATOS<\/h2>\n<p>El tratamiento de los datos personales relacionados con el mantenimiento de su relaci\u00f3n con LAYBOX SL \u00a0, como cliente y\/o interesado, por lo que est\u00e1 legitimado por resultar necesario para poder dar cumplimiento a las obligaciones contractuales derivadas de dicha relaci\u00f3n.<\/p>\n<p>El tratamiento de los datos personales para el env\u00edo de informaci\u00f3n sobre los servicios de LAYBOX SL \u00a0\u00a0responde a un inter\u00e9s leg\u00edtimo de nuestra empresa y est\u00e1 autorizado por la normativa vigente.<\/p>\n<p><strong>\u00bfCUANDO Y PORQUE SE PODRAN FACILITAR LOS DATOS A TERCEROS?<\/strong><\/p>\n<p>Los datos podr\u00e1n ser cedidos a los destinatarios que se indican a continuaci\u00f3n, por los siguientes motivos:<\/p>\n<ul>\n<li>Administraciones P\u00fablicas: para el cumplimiento de las obligaciones legales a las que LAYBOX SL \u00a0\u00a0est\u00e1 sujeto por su actividad<\/li>\n<li>Cesiones a terceros necesarias para cumplir con las obligaciones derivadas de la relaci\u00f3n contractual existente o que pudiese existir.<\/li>\n<li>Proveedores que precisen acceder a sus datos para la prestaci\u00f3n de servicios que LAYBOX SL haya contratado con dichos proveedores, y con los cuales tiene debidamente suscritos los contratos de prestaci\u00f3n de servicios para el correcto tratamiento de datos personales necesarios y exigidos por la actual normativa para proteger la privacidad.<\/li>\n<\/ul>\n<p>Si en un futuro LAYBOX SL \u00a0realizara otras cesiones de datos personales informar\u00eda debidamente a sus clientes<\/p>\n<p><strong>DERECHOS Y COMO EJERCERLOS<\/strong><\/p>\n<p>Se podr\u00e1n ejercitar los siguientes derechos: acceso, rectificaci\u00f3n, supresi\u00f3n, oposici\u00f3n, portabilidad, limitaci\u00f3n, mediante las direcciones postales y electr\u00f3nica indicadas<\/p>\n<table>\n<tbody>\n<tr>\n<td width=\"288\">DERECHO<\/td>\n<td width=\"288\">CONTENIDO<\/td>\n<\/tr>\n<tr>\n<td width=\"288\">ACCESO<\/td>\n<td width=\"288\">Los titulares podr\u00e1n consultar los datos personales incluidos en nuestro fichero<\/td>\n<\/tr>\n<tr>\n<td width=\"288\">RECTIFICACION<\/td>\n<td width=\"288\">Los titulares podr\u00e1n modificar sus datos personales cuando sean inexactos<\/td>\n<\/tr>\n<tr>\n<td width=\"288\">SUPRESION<\/td>\n<td width=\"288\">Los titulares podr\u00e1n solicitar la eliminaci\u00f3n de sus datos<\/td>\n<\/tr>\n<tr>\n<td width=\"288\">OPOSICION<\/td>\n<td width=\"288\">Los titulares podr\u00e1n solicitar el no tratamiento de sus datos en aqu\u00e9llos casos que por motivos legales no sean necesarios.<\/td>\n<\/tr>\n<tr>\n<td width=\"288\">LIMITACION DEL TRATAMIENTO<\/td>\n<td width=\"288\">Los titulares podr\u00e1n solicitar la limitaci\u00f3n del tratamiento de sus datos en determinadas circunstancias, conservando \u00fanicamente los mismos para el ejercicio o defensa de reclamaciones.<\/td>\n<\/tr>\n<tr>\n<td width=\"288\">PORTABILIDAD<\/td>\n<td width=\"288\">Los titulares podr\u00e1n solicitar recibir los datos personales que nos hayan facilitado o envi\u00e1rselos a otro responsable.<\/td>\n<\/tr>\n<\/tbody>\n<\/table>\n<\/div>\n<\/div>\n<\/div>\n","protected":false},"excerpt":{"rendered":"<p>Se informa al interesado que LAYBOX SL \u00a0ha nombrado un Responsable de Privacidad y\/o Seguridad \u00a0ante el cual podr\u00e1 poner de manifiesto cualquier cuesti\u00f3n relativa al tratamiento de sus datos personales. El interesado podr\u00e1 contactar con el Responsable de Privacidad y\/o Seguridad \u00a0a trav\u00e9s de los siguientes datos de contacto: direcci\u00f3n postal y correo electr\u00f3nico&hellip;<\/p>\n","protected":false},"author":1,"featured_media":0,"parent":0,"menu_order":0,"comment_status":"closed","ping_status":"closed","template":"","meta":[],"_links":{"self":[{"href":"http:\/\/laybox.com\/en\/wp-json\/wp\/v2\/pages\/488"}],"collection":[{"href":"http:\/\/laybox.com\/en\/wp-json\/wp\/v2\/pages"}],"about":[{"href":"http:\/\/laybox.com\/en\/wp-json\/wp\/v2\/types\/page"}],"author":[{"embeddable":true,"href":"http:\/\/laybox.com\/en\/wp-json\/wp\/v2\/users\/1"}],"replies":[{"embeddable":true,"href":"http:\/\/laybox.com\/en\/wp-json\/wp\/v2\/comments?post=488"}],"version-history":[{"count":7,"href":"http:\/\/laybox.com\/en\/wp-json\/wp\/v2\/pages\/488\/revisions"}],"predecessor-version":[{"id":1096,"href":"http:\/\/laybox.com\/en\/wp-json\/wp\/v2\/pages\/488\/revisions\/1096"}],"wp:attachment":[{"href":"http:\/\/laybox.com\/en\/wp-json\/wp\/v2\/media?parent=488"}],"curies":[{"name":"wp","href":"https:\/\/api.w.org\/{rel}","templated":true}]}}